{"id":375,"date":"2017-12-21T04:45:24","date_gmt":"2017-12-21T04:45:24","guid":{"rendered":"https:\/\/lerkilsbatvarv.se\/produkt\/dnk-black-shoes\/"},"modified":"2021-03-11T13:49:40","modified_gmt":"2021-03-11T13:49:40","slug":"dnk-black-shoes","status":"publish","type":"product","link":"https:\/\/lerkilsbatvarv.se\/en\/product\/dnk-black-shoes\/","title":{"rendered":"Askeladden P92 SUV"},"content":{"rendered":"<p>Askeladden P92 SUV.<\/p>\n<p>Styrhyttsmarknaden har traditionellt delats in i tv\u00e5 olika segment:<\/p>\n<p>Ett komfortsegment f\u00f6r dagsturer, helger och vandringEtt gr\u00f6vre segment f\u00f6r aktiv utomhusaktiviteter, fiske och transport.Styrhyttsb\u00e5tarna har tidigare fungerat bra i ett av dessa segment, men inte i b\u00e5da samtidigt. P92 SUV levererar lika bra i b\u00e5da segmenten &#8211; vilket ger anv\u00e4ndaren m\u00f6jlighet att till och med konfigurera b\u00e5ten enligt \u00f6nskad applikation inom n\u00e5gra minuter.<\/p>\n<p>P92 SUV som dagstur, helg och turb\u00e5tP92 SUV har beh\u00e5llit samma hytt och styrhusl\u00f6sning som lillasyster P79 Weekend och kan utrustas f\u00f6r full bokkomfort, inklusive en soft-top f\u00f6r maximal anv\u00e4ndning av soliga sommardagar &#8211; precis som P79.<\/p>\n<p>Akterd\u00e4cket \u00e4r gigantiskt f\u00f6r klassen, och h\u00e4r \u00e4r lika mycket uteplats, sociala sittplatser, bordsutrymme och solstolar som det \u00e4r p\u00e5 v\u00e5r st\u00f6rsta daycruiser C83 Cruiser.<\/p>\n<p>Den isolerade 150-literskylen ger b\u00e5de bes\u00e4ttningen och passagerarna kalla f\u00f6rfriskningar p\u00e5 akterd\u00e4cket.<\/p>\n<p>Det inre av akterd\u00e4cket \u00e4r modul\u00e4rt och du kan v\u00e4lja hur m\u00e5nga moduler du vill ha. De kan tas bort n\u00e4r som helst och kan tas bort i en handvridning f\u00f6r att f\u00f6rvandla b\u00e5ten till en fiske- och transportb\u00e5t.<\/p>\n<p>P92 SUV som fiske- och transportb\u00e5tAkterd\u00e4cket \u00e4r st\u00e4ngt till plattformsomr\u00e5det med en vattent\u00e4t d\u00f6rr som g\u00f6r att b\u00e5ten kan backas upp mot v\u00e4dret &#8211; utan att f\u00e5 bakre delen av akterbenet i akterd\u00e4cket. Det \u00e4r l\u00e4tt att flytta fr\u00e5n styrbord till hamnsidan av plattformsomr\u00e5det. 150 liter is eller fisketank \u00e4r standard och kan levereras som valfri cirkulationspump.<\/p>\n<p>D\u00e4ckomr\u00e5det f\u00f6r det st\u00e4ngda akterd\u00e4cket \u00e4r o\u00f6vertr\u00e4ffat i detta segment. Det normalt stora akterd\u00e4cket f\u00f6r styrhyttsb\u00e5tar av denna storlek \u00e4r ungef\u00e4r. 4 m 2 . P92 SUV: s st\u00e4ngda bakd\u00e4ck \u00e4r 5,3 m 2 .<\/p>\n<p>Bakom det st\u00e4ngda akterd\u00e4cket finns ett stort plattformsomr\u00e5de med god passage fr\u00e5n styrbord till hamnsida. Allt \u00e4r f\u00f6rberett f\u00f6r montering av spolningspumpar, cirkulationspumpar och lindragare s\u00e5 att denna b\u00e5t kan bli en ren arbets- och fiskemaskin. Med hj\u00e4lp av det modul\u00e4ra systemet kan du enkelt konfigurera din fiskemaskin p\u00e5 n\u00e5gra minuter i en bekv\u00e4m turb\u00e5t med ett socialt akterd\u00e4ck f\u00f6r hela familjen.<\/p>\n<p>Ut\u00f6kad h\u00e5rd toppExtended Hard Top \u00e4r en l\u00f6sning f\u00f6r norskt v\u00e4der och v\u00e5r rekommenderade l\u00f6sning f\u00f6r fritidsanv\u00e4ndning. Det g\u00f6r det m\u00f6jligt att st\u00e4nga hela akterd\u00e4cket med en praktisk och enkel taklucka. L\u00f6sningen finns i flera olika varianter och kombinationer och kan naturligtvis eftermonteras p\u00e5 alla b\u00e5tar som redan levererats.<\/p>\n<p>Om b\u00e5ten ska anv\u00e4ndas f\u00f6r kommersiellt bruk eller aktivt fritidsfiske rekommenderar vi standardtak. Detta g\u00f6r hanteringen av fiskesp\u00f6n och annan utrustning lite enklare.<\/p>\n<p>Skrov, komfort och br\u00e4nsleekonomiVi bygger p\u00e5 det framg\u00e5ngsrika konceptet med P79 Weekend och ger P92 SUV: n ett helt nytt optimerat skrov med 2-stegs, integrerat motorf\u00e4ste och djup V-botten.St\u00f6rre l\u00e4ngder och h\u00f6gre vikter g\u00f6r detta skrov \u00e4nnu mer bekv\u00e4mt, samtidigt som man tar bort det mesta av planeringsgr\u00e4nsen, minskar behovet av motorkraft, \u00f6kar topphastigheten och f\u00f6rb\u00e4ttrar br\u00e4nsleekonomin.<\/p>\n<p>En eller tv\u00e5 utombordareP\u00e5 grund av bristen p\u00e5 sofistikerad och gammaldags skrovdesign har det l\u00e4nge varit en uppfattning p\u00e5 marknaden att utombordsb\u00e5tar \u00f6ver 9 meter m\u00e5ste ha tv\u00e5installationer f\u00f6r att fungera optimalt. Detta \u00e4r inte fallet med P92 SUV.Tack vare den moderna skrovtekniken med 2-stegs och integrerad motorf\u00e4ste, fungerar denna b\u00e5t optimalt med b\u00e5de en- och dubbla utombordare.<\/p>\n<p>Med Suzukis Duo Prop DF350 ATXX passerar denna b\u00e5t 40 knop med god marginal.<\/p>","protected":false},"excerpt":{"rendered":"<h3 class=\"field-label\">Fakta<\/h3>\n<div class=\"field facts\">\n<div class=\"row\">\n<div class=\"col-xs-3\">\n<div class=\"field facts_type\">L\u00e4ngd: <span style=\"font-size: 16px;\">9,20 m.<\/span><\/div>\n<\/div>\n<\/div>\n<\/div>\n<div class=\"field facts\">\n<div class=\"row\">\n<div class=\"col-xs-3\">\n<div class=\"field facts_type\">Bredd: <span style=\"font-size: 16px;\">2,80 m.<\/span><\/div>\n<\/div>\n<\/div>\n<\/div>\n<div class=\"field facts\">\n<div class=\"row\">\n<div class=\"col-xs-3\">\n<div class=\"field facts_type\">Vikt: <span style=\"font-size: 16px;\">3,100 kg.<\/span><\/div>\n<\/div>\n<\/div>\n<\/div>\n<div class=\"field facts\">\n<div class=\"row\">\n<div class=\"col-xs-3\">\n<div class=\"field facts_type\">Antal pers: <span style=\"font-size: 16px;\">10 st.<\/span><\/div>\n<\/div>\n<\/div>\n<\/div>\n<div class=\"field facts\">\n<div class=\"row\">\n<div class=\"col-xs-3\">\n<div class=\"field facts_type\">\n<p>Max motor: <span style=\"font-size: 16px;\">600 hk.<\/span>Askeladden P92 SUV.<\/p>\n<p>Med Suzukis Duo Prop DF350 ATXX passerar denna b\u00e5t 40 knop med god marginal.<\/p>\n<\/div>\n<\/div>\n<\/div>\n<\/div>","protected":false},"featured_media":1476,"comment_status":"open","ping_status":"closed","template":"","meta":{"site-sidebar-layout":"default","site-content-layout":"default","ast-global-header-display":"","ast-main-header-display":"","ast-hfb-above-header-display":"","ast-hfb-below-header-display":"","ast-hfb-mobile-header-display":"","site-post-title":"","ast-breadcrumbs-content":"","ast-featured-img":"","footer-sml-layout":"","theme-transparent-header-meta":"default","adv-header-id-meta":"","stick-header-meta":"","header-above-stick-meta":"","header-main-stick-meta":"","header-below-stick-meta":""},"product_cat":[28,79],"product_tag":[80],"class_list":["post-375","product","type-product","status-publish","has-post-thumbnail","hentry","product_cat-askeladden","product_cat-kabinbat","product_tag-kabinbat"],"_links":{"self":[{"href":"https:\/\/lerkilsbatvarv.se\/en\/wp-json\/wp\/v2\/product\/375","targetHints":{"allow":["GET"]}}],"collection":[{"href":"https:\/\/lerkilsbatvarv.se\/en\/wp-json\/wp\/v2\/product"}],"about":[{"href":"https:\/\/lerkilsbatvarv.se\/en\/wp-json\/wp\/v2\/types\/product"}],"replies":[{"embeddable":true,"href":"https:\/\/lerkilsbatvarv.se\/en\/wp-json\/wp\/v2\/comments?post=375"}],"version-history":[{"count":6,"href":"https:\/\/lerkilsbatvarv.se\/en\/wp-json\/wp\/v2\/product\/375\/revisions"}],"predecessor-version":[{"id":2066,"href":"https:\/\/lerkilsbatvarv.se\/en\/wp-json\/wp\/v2\/product\/375\/revisions\/2066"}],"wp:featuredmedia":[{"embeddable":true,"href":"https:\/\/lerkilsbatvarv.se\/en\/wp-json\/wp\/v2\/media\/1476"}],"wp:attachment":[{"href":"https:\/\/lerkilsbatvarv.se\/en\/wp-json\/wp\/v2\/media?parent=375"}],"wp:term":[{"taxonomy":"product_cat","embeddable":true,"href":"https:\/\/lerkilsbatvarv.se\/en\/wp-json\/wp\/v2\/product_cat?post=375"},{"taxonomy":"product_tag","embeddable":true,"href":"https:\/\/lerkilsbatvarv.se\/en\/wp-json\/wp\/v2\/product_tag?post=375"}],"curies":[{"name":"wp","href":"https:\/\/api.w.org\/{rel}","templated":true}]}}