{"id":3757,"date":"2021-02-27T11:15:32","date_gmt":"2021-02-27T11:15:32","guid":{"rendered":"https:\/\/lerkilsbatvarv.se\/?post_type=product&#038;p=3757"},"modified":"2021-02-27T11:28:07","modified_gmt":"2021-02-27T11:28:07","slug":"suzuki-df-225","status":"publish","type":"product","link":"https:\/\/lerkilsbatvarv.se\/en\/product\/suzuki-df-225\/","title":{"rendered":"Suzuki DF 225"},"content":{"rendered":"<h2>Suzuki DF 225<\/h2>\n<div class=\"row\">\n<div class=\"col-xs-4\">\n<div class=\"field body\">\n<p>DF225<\/p>\n<p>DF225 \u2013 kraftfull V6 4-taktsmotor som prisats med fyra innovationspriser och drivs fram med Suzukis avancerade teknik.<br \/>\nForm och funktion<br \/>\nDen kompakta formen hos DF225 kommer fr\u00e5n det unika 55\u02da V-blocket och det v\u00e4l bepr\u00f6vade arrangemanget med den f\u00f6rskjutna vevaxeln.<br \/>\nDenna konstruktion g\u00f6r att motorernas tyngdpunkt skjuts fram\u00e5t, vilket g\u00f6r att b\u00e5ten f\u00e5r en b\u00e4ttre balans och att vibrationerna minskar.<br \/>\nTack vare den stora cylindervolymen p\u00e5 hela 3,6 l (st\u00f6rst i klassen), den elektroniska br\u00e4nsleinsprutningen och det kraftiga v\u00e4xelhuset med utv\u00e4xlingsf\u00f6rh\u00e5llandet 2,29:1, utvecklar dessa motorer maximalt vridmoment \u00f6ver ett brett varvtalsomr\u00e5de.<br \/>\nKraftig motor<br \/>\nDF225 har ett avancerat fl erstegs insugssystem. Vid l\u00e5ga varv passerar insugsluften genom ett avst\u00e4mt insugningsr\u00f6r s\u00e5 att motorn ger maximalt moment och drivkraft.<br \/>\nVid h\u00f6ga varvtal \u00f6ppnas en ventil som styr insugningsluften genom ett kort r\u00f6r, vilket ger en snabbare fyllning och h\u00f6gre prestanda.<br \/>\nBra br\u00e4nsleekonomi<br \/>\nDF225 har, liksom DF250, en avancerad teknik som g\u00f6r dem l\u00e4tta att acceptera ut milj\u00f6synpunkt. Genom det eff ektiva elektroniska br\u00e4nslesystemet f\u00e5r<br \/>\ndu en god br\u00e4nsleekonomi och samtidigt en r\u00f6kfri och extremt tyst g\u00e5ng.<br \/>\nElstart, valfri reglagebox, 2 instrument svart eller vit instrumenttavla, power trim &amp; tilt, elektronisk br\u00e4nsleinsprutning, extra l\u00e5ng rigg 25\u2033 (635 mm)\/ ultra l\u00e5ng rigg 30\u2033 (762 mm), propeller i rostfritt st\u00e5l<\/p>\n<p>DF225 TEKNIK<\/p>\n<p>Riggl\u00e4ngd mm X 635*<br \/>\nStartsystem Elektriskt<br \/>\nVikt i kg 263<br \/>\nMotortyp DOHC, 24 vent<br \/>\nBr\u00e4nslesystem Multi Point Elektronisk Br\u00e4nsleinsprutning<br \/>\nAntal cylindrar V6, 55\u00ba<br \/>\nSlagvolym cm\u00b3 3614<br \/>\nBorrning x slag mm 95 x 85<br \/>\nMaxeffekt kW 165<br \/>\nRek. fullgasvarvtal rpm 5000-6000<br \/>\nMan\u00f6vrering Reglagebox<br \/>\nChoke &#8211;<br \/>\nOljevolym 8 liter<br \/>\nBr\u00e4nsletank &#8211;<br \/>\nT\u00e4ndsystem Heltransistorerat<br \/>\nGenerator 12V, 54A<br \/>\nUpph\u00e4ngning Gummiupph\u00e4ngning<br \/>\nTriml\u00e4gen Power trim och tilt<br \/>\nUtv\u00e4xling 2,29:1<br \/>\nV\u00e4xell\u00e4gen F-N-R<br \/>\nAvgasutsl\u00e4pp Genom propeller<br \/>\nRek. propeller 17&#8243;-27,5&#8243;<\/p>\n<\/div>\n<\/div>\n<\/div>","protected":false},"excerpt":{"rendered":"<h3 class=\"field-label\">Fakta<\/h3>\n<div class=\"field facts\">\n<div class=\"row\">\n<div class=\"col-xs-3\">\n<div class=\"field facts_type\">Hk<\/div>\n<\/div>\n<div class=\"col-xs-3\">\n<div class=\"field facts_value\">225 Hk.<\/div>\n<\/div>\n<\/div>\n<\/div>\n<div class=\"field facts\">\n<div class=\"row\">\n<div class=\"col-xs-3\">\n<div class=\"field facts_type\">Start<\/div>\n<\/div>\n<div class=\"col-xs-3\">\n<div class=\"field facts_value\">El<\/div>\n<\/div>\n<\/div>\n<\/div>\n<div class=\"field facts\">\n<div class=\"row\">\n<div class=\"col-xs-3\">\n<div class=\"field facts_type\">Vikt<\/div>\n<\/div>\n<div class=\"col-xs-3\">\n<div class=\"field facts_value\">263 Kg.<\/div>\n<\/div>\n<\/div>\n<\/div>\n<div class=\"field facts\">\n<div class=\"row\">\n<div class=\"col-xs-3\">\n<div class=\"field facts_type\">Motortyp<\/div>\n<\/div>\n<div class=\"col-xs-3\">\n<div class=\"field facts_value\">4-takt<\/div>\n<\/div>\n<\/div>\n<\/div>","protected":false},"featured_media":0,"comment_status":"open","ping_status":"closed","template":"","meta":{"site-sidebar-layout":"default","site-content-layout":"default","ast-global-header-display":"","ast-main-header-display":"","ast-hfb-above-header-display":"","ast-hfb-below-header-display":"","ast-hfb-mobile-header-display":"","site-post-title":"","ast-breadcrumbs-content":"","ast-featured-img":"","footer-sml-layout":"","theme-transparent-header-meta":"default","adv-header-id-meta":"","stick-header-meta":"","header-above-stick-meta":"","header-main-stick-meta":"","header-below-stick-meta":""},"product_cat":[61,40],"product_tag":[62],"class_list":["post-3757","product","type-product","status-publish","hentry","product_cat-200hp","product_cat-suzuki","product_tag-200hp"],"_links":{"self":[{"href":"https:\/\/lerkilsbatvarv.se\/en\/wp-json\/wp\/v2\/product\/3757","targetHints":{"allow":["GET"]}}],"collection":[{"href":"https:\/\/lerkilsbatvarv.se\/en\/wp-json\/wp\/v2\/product"}],"about":[{"href":"https:\/\/lerkilsbatvarv.se\/en\/wp-json\/wp\/v2\/types\/product"}],"replies":[{"embeddable":true,"href":"https:\/\/lerkilsbatvarv.se\/en\/wp-json\/wp\/v2\/comments?post=3757"}],"version-history":[{"count":3,"href":"https:\/\/lerkilsbatvarv.se\/en\/wp-json\/wp\/v2\/product\/3757\/revisions"}],"predecessor-version":[{"id":3773,"href":"https:\/\/lerkilsbatvarv.se\/en\/wp-json\/wp\/v2\/product\/3757\/revisions\/3773"}],"wp:attachment":[{"href":"https:\/\/lerkilsbatvarv.se\/en\/wp-json\/wp\/v2\/media?parent=3757"}],"wp:term":[{"taxonomy":"product_cat","embeddable":true,"href":"https:\/\/lerkilsbatvarv.se\/en\/wp-json\/wp\/v2\/product_cat?post=3757"},{"taxonomy":"product_tag","embeddable":true,"href":"https:\/\/lerkilsbatvarv.se\/en\/wp-json\/wp\/v2\/product_tag?post=3757"}],"curies":[{"name":"wp","href":"https:\/\/api.w.org\/{rel}","templated":true}]}}