{"id":3759,"date":"2021-02-27T11:15:57","date_gmt":"2021-02-27T11:15:57","guid":{"rendered":"https:\/\/lerkilsbatvarv.se\/?post_type=product&#038;p=3759"},"modified":"2021-03-05T07:48:18","modified_gmt":"2021-03-05T07:48:18","slug":"suzuki-df-250-ap","status":"publish","type":"product","link":"https:\/\/lerkilsbatvarv.se\/en\/product\/suzuki-df-250-ap\/","title":{"rendered":"Suzuki DF 250 AP"},"content":{"rendered":"<h2>Suzuki DF 250 AP<\/h2>\n<div class=\"row\">\n<div class=\"col-xs-4\">\n<div class=\"field body\">\n<p>DF250AP<\/p>\n<p>DF250 \u2013 prisbel\u00f6nt bepr\u00f6vad teknik<br \/>\nSuzukis flaggskepp, V6 fyrtaktsutombordarna, som bel\u00f6nats tre g\u00e5nger av National Marine Manufacturers Association (NMMA) f\u00f6r innovativ teknik och design, s\u00e4tter och omdefinierar normerna f\u00f6r hur utombordare bed\u00f6ms.<br \/>\nDubbla \u00f6verliggande kamaxlar (DOHC) med 24 ventiler och elektronisk br\u00e4nsleinsprutning \u00e4r genomg\u00e5ende f\u00f6r hela V6-sortimentet.<br \/>\nMed hj\u00e4lp av en 55-graders V-block-design har Suzukis ingenj\u00f6rer lyckats l\u00e4gga in all denna prisbel\u00f6nta effekt och prestanda i en mycket kompakt konstruktion.<br \/>\nSuzuki selektiv rotation<br \/>\nDF250AP var v\u00e4rldens f\u00f6rsta utombordare som hade \u201dSuzuki selective rotation\u201d, en genialisk teknik som g\u00f6r att samma motor kan k\u00f6ras i tv\u00e5 l\u00e4gen: normal rotation (medsols) och motrotation (motsols).<br \/>\nF\u00f6r att skifta rotationsriktning kr\u00e4vs en speciell koppling till en internkrets samt installation av en propeller l\u00e4mplig f\u00f6r \u00f6nskad rotation.<br \/>\nM\u00e5ngsidigheten hos dessa utombordare \u00f6kar samtidigt som den eliminerar behovet av att k\u00f6pa en anpassad motrotationsmodell. Detta gynnar b\u00e5de \u00e5terf\u00f6rs\u00e4ljare och \u00e4gare.<br \/>\n*Den speciella kopplingen och propellern m\u00e5ste k\u00f6pas separat f\u00f6r att skifta rotationsriktning.<br \/>\nSuzuki Precision Control<br \/>\nDF250AP har Suzuki Precision Control, Suzukis datorbaserade drive-by wiresystem, som underl\u00e4ttar k\u00f6rning med en mjuk, exakt reglering och direkt, best\u00e4md v\u00e4xling.<br \/>\nDF250 \u00e4r perfekt f\u00f6r dig som gillar l\u00e5nga b\u00e5tturer med familjen eller fisketurer till havs. DF250 \u00e4r p\u00e5litlig, br\u00e4nslesn\u00e5l och g\u00e5r dessutom otroligt tyst och s\u00e4kert.<br \/>\nDen har sj\u00e4lvjusterande kamaxelkedja, datorstyrda sensorer som \u00f6vervakar motorns driftf\u00f6rh\u00e5llanden, eff ektiv kylning och ett kraftigt v\u00e4xelhus.<br \/>\nMotorn \u00e4r utrustad med Suzuki Keyless Start System som fungerar som ett integrerat st\u00f6ldskydd \u2013 Suzuki Security System.<br \/>\nEn kodad nyckeldosa kommunicerar med en enhet i b\u00e5ten och m\u00f6jligg\u00f6r en nyckelfri start av motorn.<\/p>\n<p>DF250 TEKNIK<\/p>\n<p>Riggl\u00e4ngd mm X 635*<br \/>\nStartsystem Elektriskt<br \/>\nVikt i kg 274<br \/>\nMotortyp DOHC, 24 vent<br \/>\nBr\u00e4nslesystem Multi Point Elektronisk Br\u00e4nsleinsprutning<br \/>\nAntal cylindrar V6, 55\u00ba<br \/>\nSlagvolym cm\u00b3 3614<br \/>\nBorrning x slag mm 95 x 85<br \/>\nMaxeffekt kW 184<br \/>\nRek. fullgasvarvtal rpm 5500-6100<br \/>\nMan\u00f6vrering Reglagebox<br \/>\nChoke &#8211;<br \/>\nOljevolym 8 liter<br \/>\nBr\u00e4nsletank &#8211;<br \/>\nT\u00e4ndsystem Heltransistorerat<br \/>\nGenerator 12V, 54A<br \/>\nUpph\u00e4ngning Gummiupph\u00e4ngning<br \/>\nTriml\u00e4gen Power trim och tilt<br \/>\nUtv\u00e4xling 2,29:1<br \/>\nV\u00e4xell\u00e4gen F-N-R<br \/>\nAvgasutsl\u00e4pp Genom propeller<br \/>\nRek. propeller 17&#8243;-27,5&#8243;<\/p>\n<\/div>\n<\/div>\n<\/div>","protected":false},"excerpt":{"rendered":"<h3 class=\"field-label\">Fakta<\/h3>\n<div class=\"field facts\">\n<div class=\"row\">\n<div class=\"col-xs-3\">\n<div class=\"field facts_type\">Hk<\/div>\n<\/div>\n<div class=\"col-xs-3\">\n<div class=\"field facts_value\">250 Hk.<\/div>\n<\/div>\n<\/div>\n<\/div>\n<div class=\"field facts\">\n<div class=\"row\">\n<div class=\"col-xs-3\">\n<div class=\"field facts_type\">Start<\/div>\n<\/div>\n<div class=\"col-xs-3\">\n<div class=\"field facts_value\">El<\/div>\n<\/div>\n<\/div>\n<\/div>\n<div class=\"field facts\">\n<div class=\"row\">\n<div class=\"col-xs-3\">\n<div class=\"field facts_type\">Vikt<\/div>\n<\/div>\n<div class=\"col-xs-3\">\n<div class=\"field facts_value\">274 Kg.<\/div>\n<\/div>\n<\/div>\n<\/div>\n<div class=\"field facts\">\n<div class=\"row\">\n<div class=\"col-xs-3\">\n<div class=\"field facts_type\">Motortyp<\/div>\n<\/div>\n<div class=\"col-xs-3\">\n<div class=\"field facts_value\">4-takt<\/div>\n<\/div>\n<\/div>\n<\/div>","protected":false},"featured_media":1568,"comment_status":"open","ping_status":"closed","template":"","meta":{"site-sidebar-layout":"default","site-content-layout":"default","ast-global-header-display":"","ast-main-header-display":"","ast-hfb-above-header-display":"","ast-hfb-below-header-display":"","ast-hfb-mobile-header-display":"","site-post-title":"","ast-breadcrumbs-content":"","ast-featured-img":"","footer-sml-layout":"","theme-transparent-header-meta":"default","adv-header-id-meta":"","stick-header-meta":"","header-above-stick-meta":"","header-main-stick-meta":"","header-below-stick-meta":""},"product_cat":[61,40],"product_tag":[62],"class_list":["post-3759","product","type-product","status-publish","has-post-thumbnail","hentry","product_cat-200hp","product_cat-suzuki","product_tag-200hp"],"_links":{"self":[{"href":"https:\/\/lerkilsbatvarv.se\/en\/wp-json\/wp\/v2\/product\/3759","targetHints":{"allow":["GET"]}}],"collection":[{"href":"https:\/\/lerkilsbatvarv.se\/en\/wp-json\/wp\/v2\/product"}],"about":[{"href":"https:\/\/lerkilsbatvarv.se\/en\/wp-json\/wp\/v2\/types\/product"}],"replies":[{"embeddable":true,"href":"https:\/\/lerkilsbatvarv.se\/en\/wp-json\/wp\/v2\/comments?post=3759"}],"version-history":[{"count":3,"href":"https:\/\/lerkilsbatvarv.se\/en\/wp-json\/wp\/v2\/product\/3759\/revisions"}],"predecessor-version":[{"id":3771,"href":"https:\/\/lerkilsbatvarv.se\/en\/wp-json\/wp\/v2\/product\/3759\/revisions\/3771"}],"wp:featuredmedia":[{"embeddable":true,"href":"https:\/\/lerkilsbatvarv.se\/en\/wp-json\/wp\/v2\/media\/1568"}],"wp:attachment":[{"href":"https:\/\/lerkilsbatvarv.se\/en\/wp-json\/wp\/v2\/media?parent=3759"}],"wp:term":[{"taxonomy":"product_cat","embeddable":true,"href":"https:\/\/lerkilsbatvarv.se\/en\/wp-json\/wp\/v2\/product_cat?post=3759"},{"taxonomy":"product_tag","embeddable":true,"href":"https:\/\/lerkilsbatvarv.se\/en\/wp-json\/wp\/v2\/product_tag?post=3759"}],"curies":[{"name":"wp","href":"https:\/\/api.w.org\/{rel}","templated":true}]}}