{"id":3785,"date":"2021-02-27T11:38:14","date_gmt":"2021-02-27T11:38:14","guid":{"rendered":"https:\/\/lerkilsbatvarv.se\/?post_type=product&#038;p=3785"},"modified":"2021-02-27T13:18:56","modified_gmt":"2021-02-27T13:18:56","slug":"mercruiser-30-mpi-ect","status":"publish","type":"product","link":"https:\/\/lerkilsbatvarv.se\/en\/product\/mercruiser-30-mpi-ect\/","title":{"rendered":"Mercruiser 3,0 MPI ECT"},"content":{"rendered":"<h2>Mercruiser 3,0 MPI ECT<\/h2>\n<div class=\"row\">\n<div class=\"col-xs-4\">\n<div class=\"field body\">\n<p>MERCURY\u00ae MERCRUISER\u00ae3,0 l<\/p>\n<p>Ett av planetens mest popul\u00e4ra akterdrev.Det perfekta framdrivningsvalet f\u00f6r sportb\u00e5tar p\u00e5 upp till 19 fot<\/p>\n<p>Hk\/kW<br \/>\n135 \/ 101Maximal varvtal (full gas)<br \/>\n4400 &#8211; 4800Motortyp<br \/>\nRak 4-cylindrigSlagvolym (l)<br \/>\n3.0Cylinderdiameter och slagl\u00e4ngd<br \/>\n4.00 x 3.60&#8243; \/ 101 x 91 mmKompressionsf\u00f6rh\u00e5llande 9.3:1Rekommenderat br\u00e4nsle<br \/>\nMinst blyfri 87-oktanig bensin (R+M\/2) eller max. 90 RON 10 % etanolMotorkontrollsystem PCM 09 med SmartCraft CAN-m\u00f6jlighet OBD-M diagnostiska dubbla syresensorerBr\u00e4nsletillf\u00f6rselsystem Elektronisk br\u00e4nsleinsprutning (MPI) med flerpunktsfunktionLuftinsug<br \/>\nJ\u00e4rninlopp i ett stycke med ett 56 mm spj\u00e4llhusT\u00e4ndning<br \/>\nVevaktiverad h\u00f6gsp\u00e4nningsbrytare med knackkontrollV\u00e4xelstr\u00f6msgenerator ampere\/Watt<br \/>\n65 ampere\/917 wattVattendr\u00e4neringssystem<br \/>\nEZ vattendr\u00e4neringAvgassystem Grenr\u00f6r\/avgaslimpa i j\u00e4rn belagt med elektrodeponeringsf\u00e4rg med avgaskn\u00e4 och torra avgaserKylsystem<br \/>\nTermostatkontrolleradTillh\u00f6rande drivsystem<br \/>\nserpentinremRekommenderad olja<br \/>\nNMMA-certifierad FCW 25W-40 syntetisk blandningSystem f\u00f6r motorvakt<br \/>\nKnackkontrollL\u00e5g sp\u00e4nningL\u00e5gdrevssm\u00f6rjmedelL\u00e5gt oljetryckL\u00e5gt vattentryck\u00d6vervarvM\u00e5tt (L x B x H)<br \/>\n29 x 26 x 21&#8243; \/ 730 x 660 x 533 mmVikt (endast motor) 234 kgKompatibla drev Alfa<\/p>\n<\/div>\n<\/div>\n<\/div>","protected":false},"excerpt":{"rendered":"<h3 class=\"field-label\">Fakta<\/h3>\n<div class=\"field facts\">\n<div class=\"row\">\n<div class=\"col-xs-3\">\n<div class=\"field facts_type\">Hk<\/div>\n<\/div>\n<div class=\"col-xs-3\">\n<div class=\"field facts_value\">135 hk.<\/div>\n<\/div>\n<\/div>\n<\/div>\n<div class=\"field facts\">\n<div class=\"row\">\n<div class=\"col-xs-3\">\n<div class=\"field facts_type\">Br\u00e4nsle:<\/div>\n<\/div>\n<div class=\"col-xs-3\">\n<div class=\"field facts_value\">Bensin<\/div>\n<\/div>\n<\/div>\n<\/div>","protected":false},"featured_media":0,"comment_status":"open","ping_status":"closed","template":"","meta":{"site-sidebar-layout":"default","site-content-layout":"default","ast-global-header-display":"","ast-main-header-display":"","ast-hfb-above-header-display":"","ast-hfb-below-header-display":"","ast-hfb-mobile-header-display":"","site-post-title":"","ast-breadcrumbs-content":"","ast-featured-img":"","footer-sml-layout":"","theme-transparent-header-meta":"default","adv-header-id-meta":"","stick-header-meta":"","header-above-stick-meta":"","header-main-stick-meta":"","header-below-stick-meta":""},"product_cat":[42],"product_tag":[39],"class_list":["post-3785","product","type-product","status-publish","hentry","product_cat-mercruiser","product_tag-nya-motorer"],"_links":{"self":[{"href":"https:\/\/lerkilsbatvarv.se\/en\/wp-json\/wp\/v2\/product\/3785","targetHints":{"allow":["GET"]}}],"collection":[{"href":"https:\/\/lerkilsbatvarv.se\/en\/wp-json\/wp\/v2\/product"}],"about":[{"href":"https:\/\/lerkilsbatvarv.se\/en\/wp-json\/wp\/v2\/types\/product"}],"replies":[{"embeddable":true,"href":"https:\/\/lerkilsbatvarv.se\/en\/wp-json\/wp\/v2\/comments?post=3785"}],"version-history":[{"count":2,"href":"https:\/\/lerkilsbatvarv.se\/en\/wp-json\/wp\/v2\/product\/3785\/revisions"}],"predecessor-version":[{"id":3885,"href":"https:\/\/lerkilsbatvarv.se\/en\/wp-json\/wp\/v2\/product\/3785\/revisions\/3885"}],"wp:attachment":[{"href":"https:\/\/lerkilsbatvarv.se\/en\/wp-json\/wp\/v2\/media?parent=3785"}],"wp:term":[{"taxonomy":"product_cat","embeddable":true,"href":"https:\/\/lerkilsbatvarv.se\/en\/wp-json\/wp\/v2\/product_cat?post=3785"},{"taxonomy":"product_tag","embeddable":true,"href":"https:\/\/lerkilsbatvarv.se\/en\/wp-json\/wp\/v2\/product_tag?post=3785"}],"curies":[{"name":"wp","href":"https:\/\/api.w.org\/{rel}","templated":true}]}}