{"id":3791,"date":"2021-02-27T11:41:25","date_gmt":"2021-02-27T11:41:25","guid":{"rendered":"https:\/\/lerkilsbatvarv.se\/?post_type=product&#038;p=3791"},"modified":"2021-02-27T13:13:52","modified_gmt":"2021-02-27T13:13:52","slug":"mercruiser-43l-mpi-ect-180","status":"publish","type":"product","link":"https:\/\/lerkilsbatvarv.se\/en\/product\/mercruiser-43l-mpi-ect-180\/","title":{"rendered":"Mercruiser 4,3L MPI ECT 180"},"content":{"rendered":"<h2>Mercruiser 4,3L MPI ECT 180<\/h2>\n<div class=\"row\">\n<div class=\"col-xs-4\">\n<div class=\"field body\">\n<p>MERCURY\u00ae MERCRUISER\u00ae4,3 l<\/p>\n<p>Flyg ut ur portenKraft och acceleration som ger dig toppfart p\u00e5 nolltid.<\/p>\n<p>Hk\/kW<br \/>\n180 \/ 234Maximal varvtal (full gas)<br \/>\n4400-4800Motortyp<br \/>\nV-6Slagvolym (l)<br \/>\n4.3Cylinderdiameter och slagl\u00e4ngd<br \/>\n4.00 x 3.48 \/ 101 x 88 mmKompressionsf\u00f6rh\u00e5llande 9.4:1Rekommenderat br\u00e4nsle<br \/>\nMinst blyfri 87-oktanig bensin (R+M\/2) eller max. 90 RON 10 % etanolMotorkontrollsystem PCM 09 med SmartCraft CAN-m\u00f6jlighet OBD-M diagnostiska dubbla syresensorerBr\u00e4nsletillf\u00f6rselsystem Elektronisk br\u00e4nsleinsprutning (MPI) med flerpunktsfunktionLuftinsug<br \/>\nTv\u00e5delat l\u00e5ngt insug med 75 mm spj\u00e4llhus (80 mm med DTS)T\u00e4ndning<br \/>\nVevaktiverad h\u00f6gsp\u00e4nningsbrytare med knackkontrollV\u00e4xelstr\u00f6msgenerator ampere\/Watt<br \/>\n65 ampere\/917 wattVattendr\u00e4neringssystem<br \/>\nManuell enpunktsdr\u00e4neringAvgassystem Grenr\u00f6r i j\u00e4rn med avgaskn\u00e4 med torra avgaser och belagt med elektrodeponeringsf\u00e4rgKylsystem<br \/>\nsj\u00f6vattenTillh\u00f6rande drivsystem<br \/>\nserpentinremRekommenderad olja<br \/>\nNMMA-certifierad FCW 25W-40 syntetisk blandningSystem f\u00f6r motorvakt<br \/>\nH\u00f6g kylv\u00e4tsketemperaturKnackkontrollL\u00e5g sp\u00e4nningL\u00e5gdrevssm\u00f6rjmedelL\u00e5gt oljetryck\u00d6vervarvM\u00e5tt (L x B x H)<br \/>\n28 x 30 x 22&#8243; \/ 696 x 740 x 559 mmVikt (endast motor) 775 lbs \/ 352 kgKompatibla drev Alfa<\/p>\n<\/div>\n<\/div>\n<\/div>","protected":false},"excerpt":{"rendered":"<h3 class=\"field-label\">Fakta<\/h3>\n<div class=\"field facts\">\n<div class=\"row\">\n<div class=\"col-xs-3\">\n<div class=\"field facts_type\">Hk<\/div>\n<\/div>\n<div class=\"col-xs-3\">\n<div class=\"field facts_value\">180 Hk.<\/div>\n<\/div>\n<\/div>\n<\/div>\n<div class=\"field facts\">\n<div class=\"row\">\n<div class=\"col-xs-3\">\n<div class=\"field facts_type\">Br\u00e4nsle:<\/div>\n<\/div>\n<div class=\"col-xs-3\">\n<div class=\"field facts_value\">Bensin<\/div>\n<\/div>\n<\/div>\n<\/div>","protected":false},"featured_media":0,"comment_status":"open","ping_status":"closed","template":"","meta":{"site-sidebar-layout":"default","site-content-layout":"default","ast-global-header-display":"","ast-main-header-display":"","ast-hfb-above-header-display":"","ast-hfb-below-header-display":"","ast-hfb-mobile-header-display":"","site-post-title":"","ast-breadcrumbs-content":"","ast-featured-img":"","footer-sml-layout":"","theme-transparent-header-meta":"default","adv-header-id-meta":"","stick-header-meta":"","header-above-stick-meta":"","header-main-stick-meta":"","header-below-stick-meta":""},"product_cat":[42],"product_tag":[39],"class_list":["post-3791","product","type-product","status-publish","hentry","product_cat-mercruiser","product_tag-nya-motorer"],"_links":{"self":[{"href":"https:\/\/lerkilsbatvarv.se\/en\/wp-json\/wp\/v2\/product\/3791","targetHints":{"allow":["GET"]}}],"collection":[{"href":"https:\/\/lerkilsbatvarv.se\/en\/wp-json\/wp\/v2\/product"}],"about":[{"href":"https:\/\/lerkilsbatvarv.se\/en\/wp-json\/wp\/v2\/types\/product"}],"replies":[{"embeddable":true,"href":"https:\/\/lerkilsbatvarv.se\/en\/wp-json\/wp\/v2\/comments?post=3791"}],"version-history":[{"count":2,"href":"https:\/\/lerkilsbatvarv.se\/en\/wp-json\/wp\/v2\/product\/3791\/revisions"}],"predecessor-version":[{"id":3882,"href":"https:\/\/lerkilsbatvarv.se\/en\/wp-json\/wp\/v2\/product\/3791\/revisions\/3882"}],"wp:attachment":[{"href":"https:\/\/lerkilsbatvarv.se\/en\/wp-json\/wp\/v2\/media?parent=3791"}],"wp:term":[{"taxonomy":"product_cat","embeddable":true,"href":"https:\/\/lerkilsbatvarv.se\/en\/wp-json\/wp\/v2\/product_cat?post=3791"},{"taxonomy":"product_tag","embeddable":true,"href":"https:\/\/lerkilsbatvarv.se\/en\/wp-json\/wp\/v2\/product_tag?post=3791"}],"curies":[{"name":"wp","href":"https:\/\/api.w.org\/{rel}","templated":true}]}}