{"id":3797,"date":"2021-02-27T11:42:34","date_gmt":"2021-02-27T11:42:34","guid":{"rendered":"https:\/\/lerkilsbatvarv.se\/?post_type=product&#038;p=3797"},"modified":"2021-02-27T13:07:47","modified_gmt":"2021-02-27T13:07:47","slug":"mercruiser-43-tks","status":"publish","type":"product","link":"https:\/\/lerkilsbatvarv.se\/en\/product\/mercruiser-43-tks\/","title":{"rendered":"Mercruiser 4,3 TKS"},"content":{"rendered":"<h2>Mercruiser 4,3 TKS<\/h2>\n<div class=\"row\">\n<div class=\"col-xs-4\">\n<div class=\"field body\">\n<p>Hk\/kW<br \/>\n190 \/ 142Maximal varvtal (full gas)<br \/>\n4400-4800Motortyp<br \/>\nV-6Slagvolym (l)<br \/>\n4.3Slagvolym (kubiktum\/liter)<br \/>\n262Rekommenderat br\u00e4nsle<br \/>\nMinst blyfri 87-oktanig bensin (R+M\/2) eller max. 90 RON 10 % etanolBr\u00e4nslets etanoltolerans<br \/>\nUpp till 10 %Br\u00e4nsletillf\u00f6rselsystem 2V-f\u00f6rgasare med direktstart och elektrisk br\u00e4nslepumpVattendr\u00e4neringssystem<br \/>\nFlerpunktsdr\u00e4neringKylsystem<br \/>\nTermostatstyrt sj\u00f6vatten -61,5 \u00b0CTillh\u00f6rande drivsystem<br \/>\nserpentinremRekommenderad olja<br \/>\nNMMA-certifierad FCW 25W-40 syntetisk blandningSystem f\u00f6r motorvakt<br \/>\nH\u00f6g kylv\u00e4tsketemperaturL\u00e5gdrevssm\u00f6rjmedelL\u00e5gt oljetryckSmartCraft motorskyddVikt (endast motor) 329 kgKompatibla drev AlfaBravo OneBravo ThreeBravo Two<\/p>\n<\/div>\n<\/div>\n<\/div>","protected":false},"excerpt":{"rendered":"<h3 class=\"field-label\">Fakta<\/h3>\n<div class=\"field facts\">\n<div class=\"row\">\n<div class=\"col-xs-3\">\n<div class=\"field facts_type\">Hk<\/div>\n<\/div>\n<div class=\"col-xs-3\">\n<div class=\"field facts_value\">190 Hk.<\/div>\n<\/div>\n<\/div>\n<\/div>\n<div class=\"field facts\">\n<div class=\"row\">\n<div class=\"col-xs-3\">\n<div class=\"field facts_type\">Br\u00e4nsle:<\/div>\n<\/div>\n<div class=\"col-xs-3\">\n<div class=\"field facts_value\">Bensin<\/div>\n<\/div>\n<\/div>\n<\/div>","protected":false},"featured_media":0,"comment_status":"open","ping_status":"closed","template":"","meta":{"site-sidebar-layout":"default","site-content-layout":"default","ast-global-header-display":"","ast-main-header-display":"","ast-hfb-above-header-display":"","ast-hfb-below-header-display":"","ast-hfb-mobile-header-display":"","site-post-title":"","ast-breadcrumbs-content":"","ast-featured-img":"","footer-sml-layout":"","theme-transparent-header-meta":"default","adv-header-id-meta":"","stick-header-meta":"","header-above-stick-meta":"","header-main-stick-meta":"","header-below-stick-meta":""},"product_cat":[42],"product_tag":[39],"class_list":["post-3797","product","type-product","status-publish","hentry","product_cat-mercruiser","product_tag-nya-motorer"],"_links":{"self":[{"href":"https:\/\/lerkilsbatvarv.se\/en\/wp-json\/wp\/v2\/product\/3797","targetHints":{"allow":["GET"]}}],"collection":[{"href":"https:\/\/lerkilsbatvarv.se\/en\/wp-json\/wp\/v2\/product"}],"about":[{"href":"https:\/\/lerkilsbatvarv.se\/en\/wp-json\/wp\/v2\/types\/product"}],"replies":[{"embeddable":true,"href":"https:\/\/lerkilsbatvarv.se\/en\/wp-json\/wp\/v2\/comments?post=3797"}],"version-history":[{"count":2,"href":"https:\/\/lerkilsbatvarv.se\/en\/wp-json\/wp\/v2\/product\/3797\/revisions"}],"predecessor-version":[{"id":3879,"href":"https:\/\/lerkilsbatvarv.se\/en\/wp-json\/wp\/v2\/product\/3797\/revisions\/3879"}],"wp:attachment":[{"href":"https:\/\/lerkilsbatvarv.se\/en\/wp-json\/wp\/v2\/media?parent=3797"}],"wp:term":[{"taxonomy":"product_cat","embeddable":true,"href":"https:\/\/lerkilsbatvarv.se\/en\/wp-json\/wp\/v2\/product_cat?post=3797"},{"taxonomy":"product_tag","embeddable":true,"href":"https:\/\/lerkilsbatvarv.se\/en\/wp-json\/wp\/v2\/product_tag?post=3797"}],"curies":[{"name":"wp","href":"https:\/\/api.w.org\/{rel}","templated":true}]}}