{"id":3805,"date":"2021-02-27T11:44:00","date_gmt":"2021-02-27T11:44:00","guid":{"rendered":"https:\/\/lerkilsbatvarv.se\/?post_type=product&#038;p=3805"},"modified":"2021-02-27T13:03:10","modified_gmt":"2021-02-27T13:03:10","slug":"mercruiser-62l-350","status":"publish","type":"product","link":"https:\/\/lerkilsbatvarv.se\/en\/product\/mercruiser-62l-350\/","title":{"rendered":"Mercruiser 6,2L 350"},"content":{"rendered":"<h2>Mercruiser 6,2L 350<\/h2>\n<div class=\"row\">\n<div class=\"col-xs-4\">\n<div class=\"field body\">\n<p>MERCURY\u00ae MERCRUISER\u00aeInombordare<\/p>\n<p>En storlek passar inte allaBepr\u00f6vad teknik, orubblig tillf\u00f6rlitlighet och en oslagbar kombination av prestanda och br\u00e4nsleeffektivitet.<\/p>\n<p>Hk\/kW<br \/>\n350 \/ 261Maximal varvtal (full gas)<br \/>\n5000-5400Motortyp<br \/>\nV8, 2-ventilig\/cylinder-tryckst\u00e5ngSlagvolym (l)<br \/>\n6.2Cylinderdiameter och slagl\u00e4ngd<br \/>\n4.0 x 3.75&#8243; \/ 101.6 x 95.25 mmBr\u00e4nslekrav 90 RON 10 % etanol maxBlyfri bensin 87 oktan minimum (R+M\/2)Motorkontrollsystem SmartCraft PCM 112 Digital InduktivStandard SmartCraft med DTSBr\u00e4nsletillf\u00f6rselsystem Datorstyrd elektronisk br\u00e4nsleinsprutning (MPI) med multiportfunktionStartar Elektrisk Smart StartElstartLuftinsug<br \/>\nPrestandatrimmat spiralinsugningsgrenr\u00f6rT\u00e4ndning<br \/>\nSmartCraft PCM 112 digital induktivV\u00e4xelstr\u00f6msgenerator ampere\/Watt<br \/>\nFullt reglerad remdriven 70 amp (882 watt)Vattendr\u00e4neringssystem<br \/>\nLuftdriven &#8221;s\u00e4songsf\u00f6rl\u00e4ngare&#8221;Avgassystem Genom akterspegelKylsystem<br \/>\nS\u00f6tvattenkyld (sluten kylning)Sm\u00f6rjningssystem<br \/>\nIntegrerad v\u00e5tsumpRekommenderad olja<br \/>\nNMMA-certifierad FCW 25W-40 syntetisk blandningSystem f\u00f6r motorvakt<br \/>\nSmartCraft motorskyddV\u00e4xelspak<br \/>\nF-N-R\u00d6verf\u00f6ring och F\u00f6rh\u00e5llande<br \/>\n63 A: 1.216, 1.5:1, 2.0:1, 2.5:163 IV: 1.5:1, 2.0:1, 2.5:1M\u00e5tt (L x B x H)<br \/>\n28 x 30 x 22&#8221; \/ 696 x 740 x 559 mmVikt (endast motor) 862 lbs \/ 391 kg<\/p>\n<\/div>\n<\/div>\n<\/div>","protected":false},"excerpt":{"rendered":"<h3 class=\"field-label\">Fakta<\/h3>\n<div class=\"field facts\">\n<div class=\"row\">\n<div class=\"col-xs-3\">\n<div class=\"field facts_type\">Hk<\/div>\n<\/div>\n<div class=\"col-xs-3\">\n<div class=\"field facts_value\">350 Hk.<\/div>\n<\/div>\n<\/div>\n<\/div>\n<div class=\"field facts\">\n<div class=\"row\">\n<div class=\"col-xs-3\">\n<div class=\"field facts_type\">Br\u00e4nsle:<\/div>\n<\/div>\n<div class=\"col-xs-3\">\n<div class=\"field facts_value\">Bensin<\/div>\n<\/div>\n<\/div>\n<\/div>","protected":false},"featured_media":0,"comment_status":"open","ping_status":"closed","template":"","meta":{"site-sidebar-layout":"default","site-content-layout":"default","ast-global-header-display":"","ast-main-header-display":"","ast-hfb-above-header-display":"","ast-hfb-below-header-display":"","ast-hfb-mobile-header-display":"","site-post-title":"","ast-breadcrumbs-content":"","ast-featured-img":"","footer-sml-layout":"","theme-transparent-header-meta":"default","adv-header-id-meta":"","stick-header-meta":"","header-above-stick-meta":"","header-main-stick-meta":"","header-below-stick-meta":""},"product_cat":[42],"product_tag":[39],"class_list":["post-3805","product","type-product","status-publish","hentry","product_cat-mercruiser","product_tag-nya-motorer"],"_links":{"self":[{"href":"https:\/\/lerkilsbatvarv.se\/en\/wp-json\/wp\/v2\/product\/3805","targetHints":{"allow":["GET"]}}],"collection":[{"href":"https:\/\/lerkilsbatvarv.se\/en\/wp-json\/wp\/v2\/product"}],"about":[{"href":"https:\/\/lerkilsbatvarv.se\/en\/wp-json\/wp\/v2\/types\/product"}],"replies":[{"embeddable":true,"href":"https:\/\/lerkilsbatvarv.se\/en\/wp-json\/wp\/v2\/comments?post=3805"}],"version-history":[{"count":2,"href":"https:\/\/lerkilsbatvarv.se\/en\/wp-json\/wp\/v2\/product\/3805\/revisions"}],"predecessor-version":[{"id":3875,"href":"https:\/\/lerkilsbatvarv.se\/en\/wp-json\/wp\/v2\/product\/3805\/revisions\/3875"}],"wp:attachment":[{"href":"https:\/\/lerkilsbatvarv.se\/en\/wp-json\/wp\/v2\/media?parent=3805"}],"wp:term":[{"taxonomy":"product_cat","embeddable":true,"href":"https:\/\/lerkilsbatvarv.se\/en\/wp-json\/wp\/v2\/product_cat?post=3805"},{"taxonomy":"product_tag","embeddable":true,"href":"https:\/\/lerkilsbatvarv.se\/en\/wp-json\/wp\/v2\/product_tag?post=3805"}],"curies":[{"name":"wp","href":"https:\/\/api.w.org\/{rel}","templated":true}]}}