{"id":3807,"date":"2021-02-27T11:44:23","date_gmt":"2021-02-27T11:44:23","guid":{"rendered":"https:\/\/lerkilsbatvarv.se\/?post_type=product&#038;p=3807"},"modified":"2021-02-27T13:01:49","modified_gmt":"2021-02-27T13:01:49","slug":"mercruiser-45l","status":"publish","type":"product","link":"https:\/\/lerkilsbatvarv.se\/en\/product\/mercruiser-45l\/","title":{"rendered":"Mercruiser 4,5L"},"content":{"rendered":"<h2>Mercruiser 4,5L<\/h2>\n<div class=\"row\">\n<div class=\"col-xs-4\">\n<div class=\"field body\">\n<p>MERCURY\u00ae MERCRUISER\u00ae4,5 l<\/p>\n<p>N\u00e4sta generationMed en m\u00e4ngd tekniska innovationer etablerar 4,5 l-serien nya normer f\u00f6r effekt-viktf\u00f6rh\u00e5llande, f\u00f6rarupplevelse, acceleration, h\u00e5llbarhet och enkelt underh\u00e5ll.<\/p>\n<p>Hk\/kW<br \/>\n250 \/ 186Maximal varvtal (full gas)<br \/>\n4800-5200Motortyp<br \/>\nV6, St\u00f6tst\u00e5ng med 2 ventiler\/cylindrarSlagvolym (l)<br \/>\n4.5Cylinderdiameter och slagl\u00e4ngd<br \/>\n4.0 x 3.6&#8243; \/ 102 x 92 mmBr\u00e4nslekrav 90 RON 10 % etanol maxBlyfri bensin 87 oktan minimum (R+M\/2)Br\u00e4nsletillf\u00f6rselsystem Datorstyrd elektronisk br\u00e4nsleinsprutning (MPI) med multiportfunktionLuftinsug<br \/>\nPrestandatrimmat spiralinsugningsgrenr\u00f6rT\u00e4ndning<br \/>\nSmartCraft PCM 112 digital induktivV\u00e4xelstr\u00f6msgenerator ampere\/Watt<br \/>\n70 ampere\/882 watt (remdriven)Vattendr\u00e4neringssystem<br \/>\nLuftdriven \u201ds\u00e4songsf\u00f6rl\u00e4ngare\u201d (Bravo)L\u00e4ttdr\u00e4nerad &#8221;s\u00e4songsf\u00f6rl\u00e4ngare&#8221; (Alpha)Avgassystem Genom propellerKylsystem<br \/>\nVattenkylning med termostat; S\u00f6tvattenkylning \u00e4r tillg\u00e4nglig som fabriksval (Alpha) och ing\u00e5r med SeaCore Drive (Bravo)Sm\u00f6rjningssystem<br \/>\nIntegrerad v\u00e5tsumpRekommenderad olja<br \/>\nNMMA-certifierad FCW 25W-40 syntetisk blandningM\u00e5tt (L x B x H)<br \/>\n696 x 740 x 559 mmVikt (endast motor) 343 kgKompatibla drev AlfaBravo OneBravo ThreeBravo Two<\/p>\n<\/div>\n<\/div>\n<\/div>","protected":false},"excerpt":{"rendered":"<h3 class=\"field-label\">Fakta<\/h3>\n<div class=\"field facts\">\n<div class=\"row\">\n<div class=\"col-xs-3\">\n<div class=\"field facts_type\">Hk<\/div>\n<\/div>\n<div class=\"col-xs-3\">\n<div class=\"field facts_value\">250 Hk.<\/div>\n<\/div>\n<\/div>\n<\/div>\n<div class=\"field facts\">\n<div class=\"row\">\n<div class=\"col-xs-3\">\n<div class=\"field facts_type\">Br\u00e4nsle:<\/div>\n<\/div>\n<div class=\"col-xs-3\">\n<div class=\"field facts_value\">Bensin<\/div>\n<\/div>\n<\/div>\n<\/div>","protected":false},"featured_media":0,"comment_status":"open","ping_status":"closed","template":"","meta":{"site-sidebar-layout":"default","site-content-layout":"default","ast-global-header-display":"","ast-main-header-display":"","ast-hfb-above-header-display":"","ast-hfb-below-header-display":"","ast-hfb-mobile-header-display":"","site-post-title":"","ast-breadcrumbs-content":"","ast-featured-img":"","footer-sml-layout":"","theme-transparent-header-meta":"default","adv-header-id-meta":"","stick-header-meta":"","header-above-stick-meta":"","header-main-stick-meta":"","header-below-stick-meta":""},"product_cat":[42],"product_tag":[39],"class_list":["post-3807","product","type-product","status-publish","hentry","product_cat-mercruiser","product_tag-nya-motorer"],"_links":{"self":[{"href":"https:\/\/lerkilsbatvarv.se\/en\/wp-json\/wp\/v2\/product\/3807","targetHints":{"allow":["GET"]}}],"collection":[{"href":"https:\/\/lerkilsbatvarv.se\/en\/wp-json\/wp\/v2\/product"}],"about":[{"href":"https:\/\/lerkilsbatvarv.se\/en\/wp-json\/wp\/v2\/types\/product"}],"replies":[{"embeddable":true,"href":"https:\/\/lerkilsbatvarv.se\/en\/wp-json\/wp\/v2\/comments?post=3807"}],"version-history":[{"count":2,"href":"https:\/\/lerkilsbatvarv.se\/en\/wp-json\/wp\/v2\/product\/3807\/revisions"}],"predecessor-version":[{"id":3874,"href":"https:\/\/lerkilsbatvarv.se\/en\/wp-json\/wp\/v2\/product\/3807\/revisions\/3874"}],"wp:attachment":[{"href":"https:\/\/lerkilsbatvarv.se\/en\/wp-json\/wp\/v2\/media?parent=3807"}],"wp:term":[{"taxonomy":"product_cat","embeddable":true,"href":"https:\/\/lerkilsbatvarv.se\/en\/wp-json\/wp\/v2\/product_cat?post=3807"},{"taxonomy":"product_tag","embeddable":true,"href":"https:\/\/lerkilsbatvarv.se\/en\/wp-json\/wp\/v2\/product_tag?post=3807"}],"curies":[{"name":"wp","href":"https:\/\/api.w.org\/{rel}","templated":true}]}}