{"id":3809,"date":"2021-02-27T11:44:44","date_gmt":"2021-02-27T11:44:44","guid":{"rendered":"https:\/\/lerkilsbatvarv.se\/?post_type=product&#038;p=3809"},"modified":"2021-02-27T13:00:22","modified_gmt":"2021-02-27T13:00:22","slug":"mercruiser-82-horizon-dts-etc","status":"publish","type":"product","link":"https:\/\/lerkilsbatvarv.se\/en\/product\/mercruiser-82-horizon-dts-etc\/","title":{"rendered":"Mercruiser 8,2 Horizon DTS ETC"},"content":{"rendered":"<h2>Mercruiser 8,2 Horizon DTS ETC<\/h2>\n<div class=\"row\">\n<div class=\"col-xs-4\">\n<div class=\"field body\">\n<p>MERCURY\u00ae MERCRUISER\u00aeInombordare<\/p>\n<p>En storlek passar inte allaBepr\u00f6vad teknik, orubblig tillf\u00f6rlitlighet och en oslagbar kombination av prestanda och br\u00e4nsleeffektivitet.<\/p>\n<p>Hk\/kW<br \/>\n375 \/ 280Maximal varvtal (full gas)<br \/>\n4200 &#8211; 4600Motortyp<br \/>\nV-8Slagvolym (l)<br \/>\n8.2Cylinderdiameter och slagl\u00e4ngd<br \/>\n4.47 x 4.00&#8243; \/ 113.5 x 101.6 mmKompressionsf\u00f6rh\u00e5llande 8.75:1Rekommenderat br\u00e4nsle<br \/>\nMinst blyfri 87-oktanig bensin (R+M\/2) eller max. 90 RON 10 % etanolMotorkontrollsystem PCM 09 med SmartCraft CAN-m\u00f6jlighet OBD-M diagnostiska dubbla syresensorerBr\u00e4nsletillf\u00f6rselsystem Elektronisk br\u00e4nsleinsprutning (MPI) med flerpunktsfunktionSekventiell br\u00e4nsleinsprutning med DTSLuftinsug<br \/>\nInduktionssystem med h\u00f6g tr\u00f6ghetT\u00e4ndning<br \/>\nF\u00f6rdelarl\u00f6s t\u00e4ndning med knackkontrollV\u00e4xelstr\u00f6msgenerator ampere\/Watt<br \/>\n65 ampere\/917 wattVattendr\u00e4neringssystem<br \/>\nLuftdriven med enkelpunktAvgassystem Finjusterat avgasgrenr\u00f6r med kn\u00e4n med torra avgaser och rostfritt st\u00e5l i 316 kvalitetKylsystem<br \/>\nL\u00e5ng livsl\u00e4ngd, 5-\u00e5rs antifrysM\u00e4ssingspump f\u00f6r havsvattenSlutet kylsystemTillh\u00f6rande drivsystem<br \/>\nAutosp\u00e4nnareserpentinremRekommenderad olja<br \/>\nNMMA-certifierad FCW 25W-40 syntetisk blandningSystem f\u00f6r motorvakt<br \/>\nSmartCraft motorskyddM\u00e5tt (L x B x H)<br \/>\n35 x 33 x 24&#8243; \/ 878 x 838 x 610 mmVikt (endast motor) 509 kgKompatibla drev ZF 63A Down AngleZF 63IV V-Drive<\/p>\n<\/div>\n<\/div>\n<\/div>","protected":false},"excerpt":{"rendered":"<h3 class=\"field-label\">Fakta<\/h3>\n<div class=\"field facts\">\n<div class=\"row\">\n<div class=\"col-xs-3\">\n<div class=\"field facts_type\">Hk<\/div>\n<\/div>\n<div class=\"col-xs-3\">\n<div class=\"field facts_value\">375 Hk.<\/div>\n<\/div>\n<\/div>\n<\/div>\n<div class=\"field facts\">\n<div class=\"row\">\n<div class=\"col-xs-3\">\n<div class=\"field facts_type\">Br\u00e4nsle:<\/div>\n<\/div>\n<div class=\"col-xs-3\">\n<div class=\"field facts_value\">Bensin<\/div>\n<\/div>\n<\/div>\n<\/div>","protected":false},"featured_media":0,"comment_status":"open","ping_status":"closed","template":"","meta":{"site-sidebar-layout":"default","site-content-layout":"default","ast-global-header-display":"","ast-main-header-display":"","ast-hfb-above-header-display":"","ast-hfb-below-header-display":"","ast-hfb-mobile-header-display":"","site-post-title":"","ast-breadcrumbs-content":"","ast-featured-img":"","footer-sml-layout":"","theme-transparent-header-meta":"default","adv-header-id-meta":"","stick-header-meta":"","header-above-stick-meta":"","header-main-stick-meta":"","header-below-stick-meta":""},"product_cat":[42],"product_tag":[39],"class_list":["post-3809","product","type-product","status-publish","hentry","product_cat-mercruiser","product_tag-nya-motorer"],"_links":{"self":[{"href":"https:\/\/lerkilsbatvarv.se\/en\/wp-json\/wp\/v2\/product\/3809","targetHints":{"allow":["GET"]}}],"collection":[{"href":"https:\/\/lerkilsbatvarv.se\/en\/wp-json\/wp\/v2\/product"}],"about":[{"href":"https:\/\/lerkilsbatvarv.se\/en\/wp-json\/wp\/v2\/types\/product"}],"replies":[{"embeddable":true,"href":"https:\/\/lerkilsbatvarv.se\/en\/wp-json\/wp\/v2\/comments?post=3809"}],"version-history":[{"count":2,"href":"https:\/\/lerkilsbatvarv.se\/en\/wp-json\/wp\/v2\/product\/3809\/revisions"}],"predecessor-version":[{"id":3873,"href":"https:\/\/lerkilsbatvarv.se\/en\/wp-json\/wp\/v2\/product\/3809\/revisions\/3873"}],"wp:attachment":[{"href":"https:\/\/lerkilsbatvarv.se\/en\/wp-json\/wp\/v2\/media?parent=3809"}],"wp:term":[{"taxonomy":"product_cat","embeddable":true,"href":"https:\/\/lerkilsbatvarv.se\/en\/wp-json\/wp\/v2\/product_cat?post=3809"},{"taxonomy":"product_tag","embeddable":true,"href":"https:\/\/lerkilsbatvarv.se\/en\/wp-json\/wp\/v2\/product_tag?post=3809"}],"curies":[{"name":"wp","href":"https:\/\/api.w.org\/{rel}","templated":true}]}}