{"id":3819,"date":"2021-02-27T11:54:23","date_gmt":"2021-02-27T11:54:23","guid":{"rendered":"https:\/\/lerkilsbatvarv.se\/?post_type=product&#038;p=3819"},"modified":"2021-02-27T12:55:08","modified_gmt":"2021-02-27T12:55:08","slug":"mercruiser-62l-300-2","status":"publish","type":"product","link":"https:\/\/lerkilsbatvarv.se\/en\/product\/mercruiser-62l-300-2\/","title":{"rendered":"Mercruiser 6,2L 300"},"content":{"rendered":"<h2>Mercruiser 6,2L 300<\/h2>\n<div class=\"row\">\n<div class=\"col-xs-4\">\n<div class=\"field body\">\n<p>MERCURY\u00ae MERCRUISER\u00ae6,2 l<\/p>\n<p>Omdefiniera V-8:an.En 6,2-liters V-8-motor med enast\u00e5ende vridmoment och acceleration som f\u00e5r dig att plana ut snabbt och mjukt.<\/p>\n<p>Hk\/kW<br \/>\n300 \/ 224Maximal varvtal (full gas)<br \/>\n5000 &#8211; 5400Slagvolym (kubiktum\/liter)<br \/>\n337 \/ 6.2Cylinderdiameter och slagl\u00e4ngd<br \/>\n4.0&#8243; x 3.75&#8243; \/ 101.6mm x 95.25mmBr\u00e4nslekrav 90 RON 10 % etanol maxBlyfri bensin 87 oktan minimum (R+M\/2)Motorkontrollsystem Mekanisk v\u00e4xling med SmartCraft DTS som tillvalStandard SmartCraft med elektronisk gaskontrollBr\u00e4nsletillf\u00f6rselsystem Datorstyrd elektronisk br\u00e4nsleinsprutning (MPI) med multiportfunktionLuftinsug<br \/>\nPrestandatrimmat spiralinsugningsgrenr\u00f6rT\u00e4ndning<br \/>\nSmartCraft PCM 112 digital induktivVattendr\u00e4neringssystem<br \/>\nLuftdriven &#8221;s\u00e4songsf\u00f6rl\u00e4ngare&#8221;Avgassystem Genom propellerKylsystem<br \/>\nF\u00e4rskvattenkyld tillg\u00e4nglig som ett SeaCore-alternativVattenkyld med termostatSm\u00f6rjningssystem<br \/>\nIntegrerad v\u00e5tsumpRekommenderad olja<br \/>\nNMMA-certifierad FCW 25W-40 syntetisk blandningSystem f\u00f6r motorvakt<br \/>\nSmartCraft motorskyddM\u00e5tt (L x B x H)<br \/>\n32 x 30 x 22&#8221; \/ 813 x 762 x 559 mmVikt (endast motor) 862 lbs \/ 391 kgKompatibla drev Bravo OneBravo ThreeBravo Two<\/p>\n<\/div>\n<\/div>\n<\/div>","protected":false},"excerpt":{"rendered":"<h3 class=\"field-label\">Fakta<\/h3>\n<div class=\"field facts\">\n<div class=\"row\">\n<div class=\"col-xs-3\">\n<div class=\"field facts_type\">Hk<\/div>\n<\/div>\n<div class=\"col-xs-3\">\n<div class=\"field facts_value\">300 Hk.<\/div>\n<\/div>\n<\/div>\n<\/div>\n<div class=\"field facts\">\n<div class=\"row\">\n<div class=\"col-xs-3\">\n<div class=\"field facts_type\">Br\u00e4nsle:<\/div>\n<\/div>\n<div class=\"col-xs-3\">\n<div class=\"field facts_value\">Bensin<\/div>\n<\/div>\n<\/div>\n<\/div>","protected":false},"featured_media":0,"comment_status":"open","ping_status":"closed","template":"","meta":{"site-sidebar-layout":"default","site-content-layout":"default","ast-global-header-display":"","ast-main-header-display":"","ast-hfb-above-header-display":"","ast-hfb-below-header-display":"","ast-hfb-mobile-header-display":"","site-post-title":"","ast-breadcrumbs-content":"","ast-featured-img":"","footer-sml-layout":"","theme-transparent-header-meta":"default","adv-header-id-meta":"","stick-header-meta":"","header-above-stick-meta":"","header-main-stick-meta":"","header-below-stick-meta":""},"product_cat":[42],"product_tag":[39],"class_list":["post-3819","product","type-product","status-publish","hentry","product_cat-mercruiser","product_tag-nya-motorer"],"_links":{"self":[{"href":"https:\/\/lerkilsbatvarv.se\/en\/wp-json\/wp\/v2\/product\/3819","targetHints":{"allow":["GET"]}}],"collection":[{"href":"https:\/\/lerkilsbatvarv.se\/en\/wp-json\/wp\/v2\/product"}],"about":[{"href":"https:\/\/lerkilsbatvarv.se\/en\/wp-json\/wp\/v2\/types\/product"}],"replies":[{"embeddable":true,"href":"https:\/\/lerkilsbatvarv.se\/en\/wp-json\/wp\/v2\/comments?post=3819"}],"version-history":[{"count":2,"href":"https:\/\/lerkilsbatvarv.se\/en\/wp-json\/wp\/v2\/product\/3819\/revisions"}],"predecessor-version":[{"id":3868,"href":"https:\/\/lerkilsbatvarv.se\/en\/wp-json\/wp\/v2\/product\/3819\/revisions\/3868"}],"wp:attachment":[{"href":"https:\/\/lerkilsbatvarv.se\/en\/wp-json\/wp\/v2\/media?parent=3819"}],"wp:term":[{"taxonomy":"product_cat","embeddable":true,"href":"https:\/\/lerkilsbatvarv.se\/en\/wp-json\/wp\/v2\/product_cat?post=3819"},{"taxonomy":"product_tag","embeddable":true,"href":"https:\/\/lerkilsbatvarv.se\/en\/wp-json\/wp\/v2\/product_tag?post=3819"}],"curies":[{"name":"wp","href":"https:\/\/api.w.org\/{rel}","templated":true}]}}