{"id":3837,"date":"2021-02-27T11:58:33","date_gmt":"2021-02-27T11:58:33","guid":{"rendered":"https:\/\/lerkilsbatvarv.se\/?post_type=product&#038;p=3837"},"modified":"2021-02-27T12:45:30","modified_gmt":"2021-02-27T12:45:30","slug":"mercury-diesel-42-l-tier-3-tdi-335","status":"publish","type":"product","link":"https:\/\/lerkilsbatvarv.se\/en\/product\/mercury-diesel-42-l-tier-3-tdi-335\/","title":{"rendered":"Mercury Diesel 4,2 l Tier 3 TDI 335"},"content":{"rendered":"<h2>Mercury Diesel 4,2 l Tier 3 TDI 335<\/h2>\n<div class=\"row\">\n<div class=\"col-xs-4\">\n<div class=\"field body\">\n<p>MERCURY\u00ae DIESEL4,2 l (Tier 3)<\/p>\n<p>Smidig och kraftfullDenna Mercury Diesel-motor s\u00e4tter en ny norm f\u00f6r l\u00e5gt ljud och minimala vibrationer.<\/p>\n<p>Kraft hk\/kW 335 \/ 246Maximal varvtal (full gas)<br \/>\n4200Motortyp<br \/>\nV-8Slagvolym (l)<br \/>\n4.2Vikt (endast motor) 836 lbs \/ 379 kgVikt (inkl.transmission)<br \/>\n933 lbs \/ 423 kgVikt \u2013 Bravo One<br \/>\n1067 lbs \/ 484 kgVikt \u2013 Bravo Two<br \/>\n1082 lbs \/ 491 kgVikt \u2013 Bravo Three<br \/>\n1093 lbs \/ 496 kgM\u00e5tt (L x B x H)<br \/>\n47 x 33 x 33&#8243; \/ 1206 x 835 x 836 mmCylinderdiameter och slagl\u00e4ngd<br \/>\n3.27 x 3.74&#8243; \/ 83 x 95 mmKylsystem<br \/>\nSlutet kylsystemBr\u00e4nslef\u00f6rbrukning<br \/>\n18.5 gph \/ 69.9 lph @ 4200 rpmKompatibla drev Bravo OneBravo ThreeBravo TwoUtsl\u00e4pp BSO 2 RCD 2 IMO 2 EPA Tier<\/p>\n<\/div>\n<\/div>\n<\/div>","protected":false},"excerpt":{"rendered":"<h3 class=\"field-label\">Fakta<\/h3>\n<div class=\"field facts\">\n<div class=\"row\">\n<div class=\"col-xs-3\">\n<div class=\"field facts_type\">Hk<\/div>\n<\/div>\n<div class=\"col-xs-3\">\n<div class=\"field facts_value\">335 Hk.<\/div>\n<\/div>\n<\/div>\n<\/div>\n<div class=\"field facts\">\n<div class=\"row\">\n<div class=\"col-xs-3\">\n<div class=\"field facts_type\">Br\u00e4nsle:<\/div>\n<\/div>\n<div class=\"col-xs-3\">\n<div class=\"field facts_value\">Diesel<\/div>\n<\/div>\n<\/div>\n<\/div>","protected":false},"featured_media":0,"comment_status":"open","ping_status":"closed","template":"","meta":{"site-sidebar-layout":"default","site-content-layout":"default","ast-global-header-display":"","ast-main-header-display":"","ast-hfb-above-header-display":"","ast-hfb-below-header-display":"","ast-hfb-mobile-header-display":"","site-post-title":"","ast-breadcrumbs-content":"","ast-featured-img":"","footer-sml-layout":"","theme-transparent-header-meta":"default","adv-header-id-meta":"","stick-header-meta":"","header-above-stick-meta":"","header-main-stick-meta":"","header-below-stick-meta":""},"product_cat":[42],"product_tag":[39],"class_list":["post-3837","product","type-product","status-publish","hentry","product_cat-mercruiser","product_tag-nya-motorer"],"_links":{"self":[{"href":"https:\/\/lerkilsbatvarv.se\/en\/wp-json\/wp\/v2\/product\/3837","targetHints":{"allow":["GET"]}}],"collection":[{"href":"https:\/\/lerkilsbatvarv.se\/en\/wp-json\/wp\/v2\/product"}],"about":[{"href":"https:\/\/lerkilsbatvarv.se\/en\/wp-json\/wp\/v2\/types\/product"}],"replies":[{"embeddable":true,"href":"https:\/\/lerkilsbatvarv.se\/en\/wp-json\/wp\/v2\/comments?post=3837"}],"version-history":[{"count":2,"href":"https:\/\/lerkilsbatvarv.se\/en\/wp-json\/wp\/v2\/product\/3837\/revisions"}],"predecessor-version":[{"id":3859,"href":"https:\/\/lerkilsbatvarv.se\/en\/wp-json\/wp\/v2\/product\/3837\/revisions\/3859"}],"wp:attachment":[{"href":"https:\/\/lerkilsbatvarv.se\/en\/wp-json\/wp\/v2\/media?parent=3837"}],"wp:term":[{"taxonomy":"product_cat","embeddable":true,"href":"https:\/\/lerkilsbatvarv.se\/en\/wp-json\/wp\/v2\/product_cat?post=3837"},{"taxonomy":"product_tag","embeddable":true,"href":"https:\/\/lerkilsbatvarv.se\/en\/wp-json\/wp\/v2\/product_tag?post=3837"}],"curies":[{"name":"wp","href":"https:\/\/api.w.org\/{rel}","templated":true}]}}