{"id":3839,"date":"2021-02-27T11:58:58","date_gmt":"2021-02-27T11:58:58","guid":{"rendered":"https:\/\/lerkilsbatvarv.se\/?post_type=product&#038;p=3839"},"modified":"2021-02-27T12:44:14","modified_gmt":"2021-02-27T12:44:14","slug":"mercruiser-62l-320","status":"publish","type":"product","link":"https:\/\/lerkilsbatvarv.se\/en\/product\/mercruiser-62l-320\/","title":{"rendered":"Mercruiser 6,2L 320"},"content":{"rendered":"<h2>Mercruiser 6,2L 320<\/h2>\n<div class=\"row\">\n<div class=\"col-xs-4\">\n<div class=\"field body\">\n<p>MERCURY\u00ae MERCRUISER\u00aeTowSport-inombordare<\/p>\n<p>Det perfekta valet f\u00f6r bogseringssporterEn perfekt blandning av vridmoment, dragkraft och framdrivning.<\/p>\n<p>Hk\/kW<br \/>\n320 \/ 239Maximal varvtal (full gas)<br \/>\n5000-5400Motortyp<br \/>\nV8, 2-ventilig\/cylinder-tryckst\u00e5ngSlagvolym (l)<br \/>\n6.2Cylinderdiameter och slagl\u00e4ngd<br \/>\n4.0 x 3.75&#8243; \/ 101.6 x 95.25 mmBr\u00e4nslekrav 90 RON 10 % etanol maxBlyfri bensin 87 oktan minimum (R+M\/2)Motorkontrollsystem SmartCraft PCM 112 Digital InduktivStandard SmartCraft med DTSBr\u00e4nsletillf\u00f6rselsystem Datorstyrd elektronisk br\u00e4nsleinsprutning (MPI) med multiportfunktionStartar Elektrisk (Turn-Key)Elektrisk Smart StartLuftinsug<br \/>\nPrestandatrimmat spiralinsugningsgrenr\u00f6rT\u00e4ndning<br \/>\nSmartCraft PCM 112 digital induktivV\u00e4xelstr\u00f6msgenerator ampere\/Watt<br \/>\nFullt reglerad remdriven 70 amp (882 watt)Vattendr\u00e4neringssystem<br \/>\nLuftdriven + 2 tappar f\u00f6r \u201ds\u00e4songsf\u00f6rl\u00e4ngande\u201d manuell dr\u00e4neringAvgassystem Genom akterspegelKylsystem<br \/>\nValfritt: S\u00f6tvattenkylning (sluten kylning)Vattenkyld med termostatSm\u00f6rjningssystem<br \/>\nIntegrerad v\u00e5tsumpRekommenderad olja<br \/>\nNMMA-certifierad FCW 25W-40 syntetisk blandningSystem f\u00f6r motorvakt<br \/>\nSmartCraft motorskyddV\u00e4xelspak<br \/>\nF-N-R\u00d6verf\u00f6ring och F\u00f6rh\u00e5llande<br \/>\n45 C: 1.0:145 IV: 1.46:1M\u00e5tt (L x B x H)<br \/>\n28 x 30 x 22&#8243; \/ 696 x 740 x 559 mmVikt (endast motor) 862 lbs \/ 391 kg<\/p>\n<\/div>\n<\/div>\n<\/div>","protected":false},"excerpt":{"rendered":"<h3 class=\"field-label\">Fakta<\/h3>\n<div class=\"field facts\">\n<div class=\"row\">\n<div class=\"col-xs-3\">\n<div class=\"field facts_type\">Hk<\/div>\n<\/div>\n<div class=\"col-xs-3\">\n<div class=\"field facts_value\">320 Hk.<\/div>\n<\/div>\n<\/div>\n<\/div>\n<div class=\"field facts\">\n<div class=\"row\">\n<div class=\"col-xs-3\">\n<div class=\"field facts_type\">Br\u00e4nsle:<\/div>\n<\/div>\n<div class=\"col-xs-3\">\n<div class=\"field facts_value\">Bensin<\/div>\n<\/div>\n<\/div>\n<\/div>","protected":false},"featured_media":0,"comment_status":"open","ping_status":"closed","template":"","meta":{"site-sidebar-layout":"default","site-content-layout":"default","ast-global-header-display":"","ast-main-header-display":"","ast-hfb-above-header-display":"","ast-hfb-below-header-display":"","ast-hfb-mobile-header-display":"","site-post-title":"","ast-breadcrumbs-content":"","ast-featured-img":"","footer-sml-layout":"","theme-transparent-header-meta":"default","adv-header-id-meta":"","stick-header-meta":"","header-above-stick-meta":"","header-main-stick-meta":"","header-below-stick-meta":""},"product_cat":[42],"product_tag":[39],"class_list":["post-3839","product","type-product","status-publish","hentry","product_cat-mercruiser","product_tag-nya-motorer"],"_links":{"self":[{"href":"https:\/\/lerkilsbatvarv.se\/en\/wp-json\/wp\/v2\/product\/3839","targetHints":{"allow":["GET"]}}],"collection":[{"href":"https:\/\/lerkilsbatvarv.se\/en\/wp-json\/wp\/v2\/product"}],"about":[{"href":"https:\/\/lerkilsbatvarv.se\/en\/wp-json\/wp\/v2\/types\/product"}],"replies":[{"embeddable":true,"href":"https:\/\/lerkilsbatvarv.se\/en\/wp-json\/wp\/v2\/comments?post=3839"}],"version-history":[{"count":2,"href":"https:\/\/lerkilsbatvarv.se\/en\/wp-json\/wp\/v2\/product\/3839\/revisions"}],"predecessor-version":[{"id":3858,"href":"https:\/\/lerkilsbatvarv.se\/en\/wp-json\/wp\/v2\/product\/3839\/revisions\/3858"}],"wp:attachment":[{"href":"https:\/\/lerkilsbatvarv.se\/en\/wp-json\/wp\/v2\/media?parent=3839"}],"wp:term":[{"taxonomy":"product_cat","embeddable":true,"href":"https:\/\/lerkilsbatvarv.se\/en\/wp-json\/wp\/v2\/product_cat?post=3839"},{"taxonomy":"product_tag","embeddable":true,"href":"https:\/\/lerkilsbatvarv.se\/en\/wp-json\/wp\/v2\/product_tag?post=3839"}],"curies":[{"name":"wp","href":"https:\/\/api.w.org\/{rel}","templated":true}]}}